

{"id":110,"date":"2014-08-17T18:45:04","date_gmt":"2014-08-17T16:45:04","guid":{"rendered":"http:\/\/hang-in.de\/wordpress\/?page_id=110"},"modified":"2017-10-19T21:12:21","modified_gmt":"2017-10-19T19:12:21","slug":"boulderbow-reha-training","status":"publish","type":"page","link":"https:\/\/hang-in.de\/hang-in\/produkte\/boulderbow-reha-training\/","title":{"rendered":"BoulderBow &#8211; Physiotherapie"},"content":{"rendered":"<p><img loading=\"lazy\" decoding=\"async\" class=\"aligncenter\" src=\"https:\/\/hang-in.de\/wordpress\/wp-content\/uploads\/2014\/02\/BoulderBowEmblem_klein.jpg\" alt=\"BoulderBowEmblem\" width=\"124\" height=\"72\" \/><\/p>\n<p>Der BoulderBow ist das ideale Trainingsger\u00e4t in der Physiotherapie.<\/p>\n<p>Seine Anwendungsm\u00f6glichkeiten sind vielf\u00e4ltig und reichen von Rehabilitations- bis Krafttraining.<\/p>\n<figure id=\"attachment_112\" aria-describedby=\"caption-attachment-112\" style=\"width: 345px\" class=\"wp-caption aligncenter\"><img loading=\"lazy\" decoding=\"async\" class=\"wp-image-112 size-full\" src=\"https:\/\/hang-in.de\/wordpress\/wp-content\/uploads\/2014\/08\/IMG_1558_IJFR_klein-e1408294013682.png\" alt=\"BoulderBow Reha-Training\" width=\"345\" height=\"421\" \/><figcaption id=\"caption-attachment-112\" class=\"wp-caption-text\">\u00dcbung: Flaches Treppensteigen<\/figcaption><\/figure>\n<p>&nbsp;<\/p>\n<figure id=\"attachment_111\" aria-describedby=\"caption-attachment-111\" style=\"width: 321px\" class=\"wp-caption aligncenter\"><img loading=\"lazy\" decoding=\"async\" class=\"wp-image-111 size-full\" src=\"https:\/\/hang-in.de\/wordpress\/wp-content\/uploads\/2014\/08\/IMG_1564_IJFR_klein.png\" alt=\"IMG_1564_IJFR_klein\" width=\"321\" height=\"462\" \/><figcaption id=\"caption-attachment-111\" class=\"wp-caption-text\">\u00dcbung: Steiles Treppensteigen mit flachem BoulderBow<\/figcaption><\/figure>\n<p>&nbsp;<\/p>\n<figure id=\"attachment_115\" aria-describedby=\"caption-attachment-115\" style=\"width: 345px\" class=\"wp-caption aligncenter\"><img loading=\"lazy\" decoding=\"async\" class=\"wp-image-115 size-full\" src=\"https:\/\/hang-in.de\/wordpress\/wp-content\/uploads\/2014\/08\/IMG_1554_IJFR_klein.png\" alt=\"BoulderBow Reha-Training\" width=\"345\" height=\"451\" \/><figcaption id=\"caption-attachment-115\" class=\"wp-caption-text\">\u00dcbung: Steiles Treppensteigen bei senkrechtem Boulderbow<\/figcaption><\/figure>\n<p>&nbsp;<\/p>\n<figure id=\"attachment_123\" aria-describedby=\"caption-attachment-123\" style=\"width: 313px\" class=\"wp-caption aligncenter\"><img loading=\"lazy\" decoding=\"async\" class=\"size-full wp-image-123\" src=\"https:\/\/hang-in.de\/wordpress\/wp-content\/uploads\/2014\/08\/IMG_1569_IJFR_klein.png\" alt=\"\u00dcbung: Haltetraining am geneigten BoulderBow\" width=\"313\" height=\"343\" \/><figcaption id=\"caption-attachment-123\" class=\"wp-caption-text\">\u00dcbung: Haltetraining am geneigten BoulderBow<\/figcaption><\/figure>\n<p>&nbsp;<\/p>\n<figure id=\"attachment_124\" aria-describedby=\"caption-attachment-124\" style=\"width: 283px\" class=\"wp-caption aligncenter\"><img loading=\"lazy\" decoding=\"async\" class=\"size-full wp-image-124\" src=\"https:\/\/hang-in.de\/wordpress\/wp-content\/uploads\/2014\/08\/IMG_1572_IJFR_klein.png\" alt=\"\u00dcbung: leichtes Krafttraining\" width=\"283\" height=\"345\" \/><figcaption id=\"caption-attachment-124\" class=\"wp-caption-text\">\u00dcbung: leichtes Krafttraining<\/figcaption><\/figure>\n<p>&nbsp;<\/p>\n<figure id=\"attachment_127\" aria-describedby=\"caption-attachment-127\" style=\"width: 386px\" class=\"wp-caption aligncenter\"><img loading=\"lazy\" decoding=\"async\" class=\"size-full wp-image-127\" src=\"https:\/\/hang-in.de\/wordpress\/wp-content\/uploads\/2014\/08\/IMG_1541_dunkel_klein.png\" alt=\"\u00dcbung: schweres Krafttraining durch waagerechtes Training im BoulderBow\" width=\"386\" height=\"321\" \/><figcaption id=\"caption-attachment-127\" class=\"wp-caption-text\">\u00dcbung: schweres Krafttraining durch waagerechtes Training im BoulderBow<\/figcaption><\/figure>\n<p>&nbsp;<\/p>\n","protected":false},"excerpt":{"rendered":"<p>Der BoulderBow ist das ideale Trainingsger\u00e4t in der Physiotherapie. Seine Anwendungsm\u00f6glichkeiten sind vielf\u00e4ltig und reichen von Rehabilitations- bis Krafttraining. &nbsp; &nbsp; &nbsp; &nbsp; &nbsp; &nbsp;<\/p>\n","protected":false},"author":1,"featured_media":0,"parent":7,"menu_order":3,"comment_status":"closed","ping_status":"closed","template":"","meta":{"pgc_sgb_lightbox_settings":"","footnotes":""},"class_list":["post-110","page","type-page","status-publish","hentry"],"_links":{"self":[{"href":"https:\/\/hang-in.de\/hang-in\/wp-json\/wp\/v2\/pages\/110","targetHints":{"allow":["GET"]}}],"collection":[{"href":"https:\/\/hang-in.de\/hang-in\/wp-json\/wp\/v2\/pages"}],"about":[{"href":"https:\/\/hang-in.de\/hang-in\/wp-json\/wp\/v2\/types\/page"}],"author":[{"embeddable":true,"href":"https:\/\/hang-in.de\/hang-in\/wp-json\/wp\/v2\/users\/1"}],"replies":[{"embeddable":true,"href":"https:\/\/hang-in.de\/hang-in\/wp-json\/wp\/v2\/comments?post=110"}],"version-history":[{"count":11,"href":"https:\/\/hang-in.de\/hang-in\/wp-json\/wp\/v2\/pages\/110\/revisions"}],"predecessor-version":[{"id":176,"href":"https:\/\/hang-in.de\/hang-in\/wp-json\/wp\/v2\/pages\/110\/revisions\/176"}],"up":[{"embeddable":true,"href":"https:\/\/hang-in.de\/hang-in\/wp-json\/wp\/v2\/pages\/7"}],"wp:attachment":[{"href":"https:\/\/hang-in.de\/hang-in\/wp-json\/wp\/v2\/media?parent=110"}],"curies":[{"name":"wp","href":"https:\/\/api.w.org\/{rel}","templated":true}]}}