

{"id":142,"date":"2014-08-21T07:57:08","date_gmt":"2014-08-21T05:57:08","guid":{"rendered":"http:\/\/hang-in.de\/wordpress\/?page_id=142"},"modified":"2022-06-03T13:08:29","modified_gmt":"2022-06-03T11:08:29","slug":"boulderbow-produktbeschreibung","status":"publish","type":"page","link":"https:\/\/hang-in.de\/hang-in\/produkte\/boulderbow-produktbeschreibung\/","title":{"rendered":"BoulderBow &#8211; Produktbeschreibung"},"content":{"rendered":"<p style=\"text-align: center;\"><img loading=\"lazy\" decoding=\"async\" class=\"aligncenter\" src=\"https:\/\/hang-in.de\/wordpress\/wp-content\/uploads\/2014\/02\/BoulderBowEmblem_klein.jpg\" alt=\"BoulderBowEmblem\" width=\"124\" height=\"72\" \/><img loading=\"lazy\" decoding=\"async\" class=\"aligncenter wp-image-100\" src=\"https:\/\/hang-in.de\/wordpress\/wp-content\/uploads\/2014\/02\/IMG_1443_IJFR_6klein.png\" alt=\"Frontansicht BoulderBow\" width=\"179\" height=\"269\" \/><\/p>\n<p><strong>Produktbeschreibung:<\/strong><\/p>\n<p>Bei dem Produkt handelt es sich um ein Klettertrainingsger\u00e4t. Es eignet sich zum Muskelaufbau aller K\u00f6rperpartien.<br \/>\nDas Spezielle an dem Produkt ist die Rundbogenform. Nur durch diese Form ist es m\u00f6glich waagerecht am Ger\u00e4t zu trainieren und durch gezielte K\u00f6rperverlagerung jeden Punkt des Trainingsger\u00e4ts zu erreichen. Somit k\u00f6nnen flexibel alle K\u00f6rperpartien gekr\u00e4ftigt werden.<\/p>\n<p><img loading=\"lazy\" decoding=\"async\" class=\"aligncenter size-full wp-image-104\" src=\"https:\/\/hang-in.de\/wordpress\/wp-content\/uploads\/2014\/02\/IMG_1541_klein.png\" alt=\"BoulderBow Seitenansicht\" width=\"386\" height=\"321\" \/><\/p>\n<p>Die F\u00fc\u00dfe werden w\u00e4hrend des Trainings auf das speziell entwickelte Fu\u00dfbrett gestellt. Das Fu\u00dfbrett ist an den Ger\u00e4tef\u00fc\u00dfen verschraubt, aber drehend gelagert. \u00dcber einen Seilzug, welcher oben an der Trainingswand befestigt ist, kann die Neigung stufenlos verstellt werden. Somit ist gew\u00e4hrleistet, dass Menschen unterschiedlicher Gr\u00f6\u00dfe das Ger\u00e4t gleicherma\u00dfen nutzen k\u00f6nnen.<br \/>\nDie Wand ist mit einer Rasterbohrung zum individuellen Anbringen von Standard-Klettergriffen versehen.\u00a0Dank der eingefr\u00e4sten Grifftaschen ist das Klettern auch ohne extra Klettergriffe m\u00f6glich.<\/p>\n<figure id=\"attachment_64\" aria-describedby=\"caption-attachment-64\" style=\"width: 300px\" class=\"wp-caption aligncenter\"><img loading=\"lazy\" decoding=\"async\" class=\"wp-image-64\" src=\"https:\/\/hang-in.de\/wordpress\/wp-content\/uploads\/2014\/02\/IMG_6930_bearbeitet.jpg\" alt=\"Boulderbow mit Klettergriffen\" width=\"300\" height=\"200\" \/><figcaption id=\"caption-attachment-64\" class=\"wp-caption-text\">Dank Rasterbohrungen kann der Boulderbow mit Standard-Klettergriffen versehen werden.<\/figcaption><\/figure>\n<p class=\"wp-image-63\">Weitere Details sind die Ger\u00e4tef\u00fc\u00dfe, die es erm\u00f6glichen die Wand stufenlos in der Neigung zu verstellen. Somit l\u00e4sst sich die Trainingsintensit\u00e4t variabel einstellen.<\/p>\n<figure id=\"attachment_67\" aria-describedby=\"caption-attachment-67\" style=\"width: 300px\" class=\"wp-caption aligncenter\"><img loading=\"lazy\" decoding=\"async\" class=\"wp-image-67\" src=\"https:\/\/hang-in.de\/wordpress\/wp-content\/uploads\/2014\/02\/IMG_6951bearbeitet.jpg\" alt=\"Seitenansicht des Boulderbows\" width=\"300\" height=\"338\" \/><figcaption id=\"caption-attachment-67\" class=\"wp-caption-text\">Seitenansicht des nach vorne geneigten Boulderbows<\/figcaption><\/figure>\n<figure id=\"attachment_66\" aria-describedby=\"caption-attachment-66\" style=\"width: 300px\" class=\"wp-caption aligncenter\"><img loading=\"lazy\" decoding=\"async\" class=\"wp-image-66\" src=\"https:\/\/hang-in.de\/wordpress\/wp-content\/uploads\/2014\/02\/IMG_6948bearbeitet.jpg\" alt=\"IMG_6948bearbeitet\" width=\"300\" height=\"338\" \/><figcaption id=\"caption-attachment-66\" class=\"wp-caption-text\">Seitenansicht des nach Hinten geneigten Boulderbows.<\/figcaption><\/figure>\n<p class=\"wp-image-63\">Das gesamte Klettertrainingsger\u00e4t ist in wenigen Handgriffen in seine Einzelteile zerlegbar und somit leicht zu transportieren und zu verstauen.<br \/>\nDer Boulderbow ist zur privaten Nutzung in der Wohnung konzipiert. Seine Gr\u00f6\u00dfe und die Gr\u00f6\u00dfe seiner Einzelkomponenten sind auf eine Wohnungsnutzung zugeschnitten.<br \/>\nEr ist in sich stabil und steht frei im Raum. Es sind keinerlei Befestigungen n\u00f6tig. Der Boulderbow kann \u00fcberall auf festem, ebenem Grund aufgestellt werden.<\/p>\n<p class=\"wp-image-63\"><strong>Die Fakten im \u00dcberblick:<\/strong><\/p>\n<ul>\n<li class=\"wp-image-63\">Abma\u00dfe:<br \/>\nGrundfl\u00e4che aufgebaut: 156 x 140 cm<br \/>\nH\u00f6he aufgebaut: 192 cm<br \/>\ngr\u00f6\u00dftes Einzelteil: 3 x 75 x 192 cm<\/li>\n<li class=\"wp-image-63\">Gesamtgewicht:<br \/>\nca. 60 kg<\/li>\n<li class=\"wp-image-63\">Material:<br \/>\nFichte Dreischichtplatte<\/li>\n<\/ul>\n<p class=\"wp-image-63\">Anregungen zum Bouldertraining findest du <a title=\"hier\" href=\"https:\/\/hang-in.de\/wordpress\/?page_id=35\">hier<\/a>.<br \/>\nAnregungen zur Verwendung in Physiotherapie-Praxen <a title=\"hier\" href=\"https:\/\/hang-in.de\/wordpress\/?page_id=110\">hier<\/a>.<\/p>\n<hr \/>\n<p class=\"wp-image-63\" style=\"text-align: left;\">Haben wir dich \u00fcberzeugt? Kontaktiere uns f\u00fcr mehr Informationen unter <a href=\"mailto:info@hang-in.de\">info@hang-in.de<\/a><\/p>\n","protected":false},"excerpt":{"rendered":"<p>Produktbeschreibung: Bei dem Produkt handelt es sich um ein Klettertrainingsger\u00e4t. Es eignet sich zum Muskelaufbau aller K\u00f6rperpartien. Das Spezielle an dem Produkt ist die Rundbogenform. Nur durch diese Form ist es m\u00f6glich waagerecht am Ger\u00e4t zu trainieren und durch gezielte K\u00f6rperverlagerung jeden Punkt des Trainingsger\u00e4ts zu erreichen. Somit k\u00f6nnen flexibel alle K\u00f6rperpartien gekr\u00e4ftigt werden. Die [&hellip;]<\/p>\n","protected":false},"author":1,"featured_media":0,"parent":7,"menu_order":1,"comment_status":"closed","ping_status":"closed","template":"","meta":{"pgc_sgb_lightbox_settings":"","footnotes":""},"class_list":["post-142","page","type-page","status-publish","hentry"],"_links":{"self":[{"href":"https:\/\/hang-in.de\/hang-in\/wp-json\/wp\/v2\/pages\/142","targetHints":{"allow":["GET"]}}],"collection":[{"href":"https:\/\/hang-in.de\/hang-in\/wp-json\/wp\/v2\/pages"}],"about":[{"href":"https:\/\/hang-in.de\/hang-in\/wp-json\/wp\/v2\/types\/page"}],"author":[{"embeddable":true,"href":"https:\/\/hang-in.de\/hang-in\/wp-json\/wp\/v2\/users\/1"}],"replies":[{"embeddable":true,"href":"https:\/\/hang-in.de\/hang-in\/wp-json\/wp\/v2\/comments?post=142"}],"version-history":[{"count":15,"href":"https:\/\/hang-in.de\/hang-in\/wp-json\/wp\/v2\/pages\/142\/revisions"}],"predecessor-version":[{"id":369,"href":"https:\/\/hang-in.de\/hang-in\/wp-json\/wp\/v2\/pages\/142\/revisions\/369"}],"up":[{"embeddable":true,"href":"https:\/\/hang-in.de\/hang-in\/wp-json\/wp\/v2\/pages\/7"}],"wp:attachment":[{"href":"https:\/\/hang-in.de\/hang-in\/wp-json\/wp\/v2\/media?parent=142"}],"curies":[{"name":"wp","href":"https:\/\/api.w.org\/{rel}","templated":true}]}}