

{"id":18,"date":"2014-02-08T17:47:53","date_gmt":"2014-02-08T15:47:53","guid":{"rendered":"http:\/\/hang-in.de\/wordpress\/?page_id=18"},"modified":"2021-12-31T14:48:02","modified_gmt":"2021-12-31T12:48:02","slug":"impressum","status":"publish","type":"page","link":"https:\/\/hang-in.de\/hang-in\/impressum\/","title":{"rendered":"Impressum"},"content":{"rendered":"<p><strong>Anbieter dieser Internetseiten ist die Privatperson<\/strong><b><br \/>\n<\/b>Schreinermeister Dirk Renyi<br \/>\n<span style=\"word-spacing: normal;\">Gerwigstr. 31<br \/>\n<\/span>78098 Triberg<\/p>\n<p>Tel.: +49 7722 \/ 917 44 01<\/p>\n<p><strong>Ansprechpartner f\u00fcr das Internetangebot<\/strong><b style=\"word-spacing: normal;\"><br \/>\n<\/b>Dirk Renyi<br \/>\nE-Mail:\u00a0impressum@hang-in.de<\/p>\n<p><strong>Haftung f\u00fcr Inhalte:<\/strong><br \/>\nIch bin um Richtigkeit und Aktualit\u00e4t der auf dieser Internetpr\u00e4senz bereitgestellten Informationen bem\u00fcht. Trotzdem k\u00f6nnen Fehler und Unklarheiten nicht vollst\u00e4ndig ausgeschlossen werden. Ich \u00fcbernehme deshalb keine Gew\u00e4hr f\u00fcr die Aktualit\u00e4t, Richtigkeit, Vollst\u00e4ndigkeit oder Qualit\u00e4t der bereitgestellten Informationen.<\/p>\n<p><strong>Haftung f\u00fcr Links:<\/strong><br \/>\nDas Angebot enth\u00e4lt Links zu externen Webseiten Dritter, auf deren Inhalte ich keinen Einfluss habe. Deshalb kann ich f\u00fcr diese fremden Inhalte auch keine Gew\u00e4hr \u00fcbernehmen. F\u00fcr die Inhalte der verlinkten Seiten ist stets der jeweilige Anbieter oder Betreiber der Seiten verantwortlich. Die verlinkten Seiten wurden zum Zeitpunkt der Verlinkung auf m\u00f6gliche Rechtsverst\u00f6\u00dfe \u00fcberpr\u00fcft. Rechtswidrige Inhalte waren zum Zeitpunkt der Verlinkung nicht erkennbar. Bei bekannt werden von Rechtsverletzungen werde ich derartige Links umgehend entfernen.<\/p>\n<p><strong>Streitbeilegung:<br \/>\n<\/strong>Seit Januar 2016 sind Online-H\u00e4ndler gesetzlich verpflichtet, auf ihren Webseiten auf die EU-Plattform zur Online-Streitschlichtung (<a href=\"http:\/\/www.ec.europa.eu\/consumers\/odr\">www.ec.europa.eu\/consumers\/odr<\/a>) hinzuweisen. Da ich auf dieser Internetseite nur mein Angebot bewerbe, hier\u00fcber aber keinen Vertragsabschluss anbiete, bin ich nicht bereit oder verpflichtet, an einem Streitbeilegungsverfahren vor einer Verbraucherstreitschlichtungsstelle teilzunehmen. Zust\u00e4ndig w\u00e4re die Universalschlichtungsstelle des Zentrums f\u00fcr Schlichtung e.V., Stra\u00dfburger Stra\u00dfe 8, 77694 Kehl am Rhein (<a href=\"https:\/\/www.verbraucher-schlichter.de\">https:\/\/www.verbraucher-schlichter.de<\/a>).<\/p>\n<p><b>\u00a0<\/b><\/p>\n","protected":false},"excerpt":{"rendered":"<p>Anbieter dieser Internetseiten ist die Privatperson Schreinermeister Dirk Renyi Gerwigstr. 31 78098 Triberg Tel.: +49 7722 \/ 917 44 01 Ansprechpartner f\u00fcr das Internetangebot Dirk Renyi E-Mail:\u00a0impressum@hang-in.de Haftung f\u00fcr Inhalte: Ich bin um Richtigkeit und Aktualit\u00e4t der auf dieser Internetpr\u00e4senz bereitgestellten Informationen bem\u00fcht. Trotzdem k\u00f6nnen Fehler und Unklarheiten nicht vollst\u00e4ndig ausgeschlossen werden. Ich \u00fcbernehme deshalb [&hellip;]<\/p>\n","protected":false},"author":1,"featured_media":0,"parent":0,"menu_order":0,"comment_status":"closed","ping_status":"open","template":"","meta":{"pgc_sgb_lightbox_settings":"","footnotes":""},"class_list":["post-18","page","type-page","status-publish","hentry"],"_links":{"self":[{"href":"https:\/\/hang-in.de\/hang-in\/wp-json\/wp\/v2\/pages\/18","targetHints":{"allow":["GET"]}}],"collection":[{"href":"https:\/\/hang-in.de\/hang-in\/wp-json\/wp\/v2\/pages"}],"about":[{"href":"https:\/\/hang-in.de\/hang-in\/wp-json\/wp\/v2\/types\/page"}],"author":[{"embeddable":true,"href":"https:\/\/hang-in.de\/hang-in\/wp-json\/wp\/v2\/users\/1"}],"replies":[{"embeddable":true,"href":"https:\/\/hang-in.de\/hang-in\/wp-json\/wp\/v2\/comments?post=18"}],"version-history":[{"count":13,"href":"https:\/\/hang-in.de\/hang-in\/wp-json\/wp\/v2\/pages\/18\/revisions"}],"predecessor-version":[{"id":349,"href":"https:\/\/hang-in.de\/hang-in\/wp-json\/wp\/v2\/pages\/18\/revisions\/349"}],"wp:attachment":[{"href":"https:\/\/hang-in.de\/hang-in\/wp-json\/wp\/v2\/media?parent=18"}],"curies":[{"name":"wp","href":"https:\/\/api.w.org\/{rel}","templated":true}]}}